{"id":31,"date":"2015-06-24T08:02:45","date_gmt":"2015-06-24T07:02:45","guid":{"rendered":"http:\/\/www.take-off.ch\/?page_id=31"},"modified":"2016-12-12T19:38:15","modified_gmt":"2016-12-12T18:38:15","slug":"mass-nehmen-am-original","status":"publish","type":"page","link":"https:\/\/www.take-off.ch\/?page_id=31","title":{"rendered":"Mass nehmen am Original"},"content":{"rendered":"<p>Mit Laser, Messband und einer selbstgebauten, \u00fcberdimensionalen Leere wurden die Originalspannten aufgenommen und ins CAD \u00fcberf\u00fchrt.<\/p>\n<p><div id=\"attachment_76\" style=\"width: 235px\" class=\"wp-caption alignleft\"><a href=\"http:\/\/www.take-off.ch\/wordpress\/wp-content\/uploads\/2015\/06\/DSCN0151.jpg\"><img loading=\"lazy\" decoding=\"async\" aria-describedby=\"caption-attachment-76\" class=\"size-medium wp-image-76\" src=\"http:\/\/www.take-off.ch\/wordpress\/wp-content\/uploads\/2015\/06\/DSCN0151-225x300.jpg\" alt=\"Messen bei Heliswiss\" width=\"225\" height=\"300\" srcset=\"https:\/\/www.take-off.ch\/wp-content\/uploads\/2015\/06\/DSCN0151-225x300.jpg 225w, https:\/\/www.take-off.ch\/wp-content\/uploads\/2015\/06\/DSCN0151-768x1024.jpg 768w, https:\/\/www.take-off.ch\/wp-content\/uploads\/2015\/06\/DSCN0151.jpg 1920w\" sizes=\"auto, (max-width: 225px) 100vw, 225px\" \/><\/a><p id=\"caption-attachment-76\" class=\"wp-caption-text\">Messen bei Heliswiss<\/p><\/div><\/p>\n<p><div id=\"attachment_77\" style=\"width: 310px\" class=\"wp-caption aligncenter\"><a href=\"http:\/\/www.take-off.ch\/wordpress\/wp-content\/uploads\/2015\/06\/DSCN0148.jpg\"><img loading=\"lazy\" decoding=\"async\" aria-describedby=\"caption-attachment-77\" class=\"size-medium wp-image-77\" src=\"http:\/\/www.take-off.ch\/wordpress\/wp-content\/uploads\/2015\/06\/DSCN0148-300x225.jpg\" alt=\"Messen bei Heliswiss\" width=\"300\" height=\"225\" srcset=\"https:\/\/www.take-off.ch\/wp-content\/uploads\/2015\/06\/DSCN0148-300x225.jpg 300w, https:\/\/www.take-off.ch\/wp-content\/uploads\/2015\/06\/DSCN0148-1024x768.jpg 1024w\" sizes=\"auto, (max-width: 300px) 100vw, 300px\" \/><\/a><p id=\"caption-attachment-77\" class=\"wp-caption-text\">Messen bei Heliswiss<\/p><\/div><\/p>\n<p><div id=\"attachment_79\" style=\"width: 235px\" class=\"wp-caption alignright\"><a href=\"http:\/\/www.take-off.ch\/wordpress\/wp-content\/uploads\/2015\/06\/dscn0079.jpg\"><img loading=\"lazy\" decoding=\"async\" aria-describedby=\"caption-attachment-79\" class=\"size-medium wp-image-79\" src=\"http:\/\/www.take-off.ch\/wordpress\/wp-content\/uploads\/2015\/06\/dscn0079-225x300.jpg\" alt=\"Messen bei Centralheli\" width=\"225\" height=\"300\" srcset=\"https:\/\/www.take-off.ch\/wp-content\/uploads\/2015\/06\/dscn0079-225x300.jpg 225w, https:\/\/www.take-off.ch\/wp-content\/uploads\/2015\/06\/dscn0079-768x1024.jpg 768w, https:\/\/www.take-off.ch\/wp-content\/uploads\/2015\/06\/dscn0079.jpg 1920w\" sizes=\"auto, (max-width: 225px) 100vw, 225px\" \/><\/a><p id=\"caption-attachment-79\" class=\"wp-caption-text\">Messen bei Centralheli<\/p><\/div><\/p>\n<p>&nbsp;<\/p>\n<p><a href=\"http:\/\/www.take-off.ch\/?page_id=34\">Positiv erstellen<\/a><\/p>\n<p><a href=\"http:\/\/www.take-off.ch\/?page_id=106\">Negative<\/a><\/p>\n<p><a href=\"http:\/\/www.take-off.ch\/?page_id=134\">Rumpfherstellung<\/a><\/p>\n","protected":false},"excerpt":{"rendered":"<p>Mit Laser, Messband und einer selbstgebauten, \u00fcberdimensionalen Leere wurden die Originalspannten aufgenommen und ins CAD \u00fcberf\u00fchrt. &nbsp; Positiv erstellen Negative Rumpfherstellung<\/p>\n","protected":false},"author":1,"featured_media":0,"parent":0,"menu_order":0,"comment_status":"closed","ping_status":"closed","template":"","meta":{"footnotes":""},"class_list":["post-31","page","type-page","status-publish","hentry"],"_links":{"self":[{"href":"https:\/\/www.take-off.ch\/index.php?rest_route=\/wp\/v2\/pages\/31","targetHints":{"allow":["GET"]}}],"collection":[{"href":"https:\/\/www.take-off.ch\/index.php?rest_route=\/wp\/v2\/pages"}],"about":[{"href":"https:\/\/www.take-off.ch\/index.php?rest_route=\/wp\/v2\/types\/page"}],"author":[{"embeddable":true,"href":"https:\/\/www.take-off.ch\/index.php?rest_route=\/wp\/v2\/users\/1"}],"replies":[{"embeddable":true,"href":"https:\/\/www.take-off.ch\/index.php?rest_route=%2Fwp%2Fv2%2Fcomments&post=31"}],"version-history":[{"count":3,"href":"https:\/\/www.take-off.ch\/index.php?rest_route=\/wp\/v2\/pages\/31\/revisions"}],"predecessor-version":[{"id":416,"href":"https:\/\/www.take-off.ch\/index.php?rest_route=\/wp\/v2\/pages\/31\/revisions\/416"}],"wp:attachment":[{"href":"https:\/\/www.take-off.ch\/index.php?rest_route=%2Fwp%2Fv2%2Fmedia&parent=31"}],"curies":[{"name":"wp","href":"https:\/\/api.w.org\/{rel}","templated":true}]}}