{"id":159,"date":"2015-06-23T19:32:15","date_gmt":"2015-06-23T18:32:15","guid":{"rendered":"http:\/\/www.take-off.ch\/?page_id=159"},"modified":"2015-06-25T13:37:03","modified_gmt":"2015-06-25T12:37:03","slug":"rotorblaetter","status":"publish","type":"page","link":"https:\/\/www.take-off.ch\/?page_id=159","title":{"rendered":"Rotorbl\u00e4tter"},"content":{"rendered":"<p>Nat\u00fcrlich d\u00fcrfen auch die Rotorbl\u00e4tter nicht ab Stange sein. Denn das Original hat ja einen Konsuwinkel (V-Form) und geschr\u00e4nkte Bl\u00e4tter.<\/p>\n<p>Aus meiner F3B-Vergangenheit kenne ich mich recht gut mit Profilen, Auftriebs- und Widerstandswerten aus und\u00a0begann zu rechnen.<\/p>\n<p>Zuerst gilt es, das Original zu untersuchen. Hier holten die Mitarbeiter der Wartungsabteilung der Heliswiss eigens f\u00fcr mich ein neues Blatt aus dem Lager.<\/p>\n<p><div id=\"attachment_206\" style=\"width: 310px\" class=\"wp-caption aligncenter\"><a href=\"http:\/\/www.take-off.ch\/wordpress\/wp-content\/uploads\/2015\/06\/Originalrotorblatt.jpg\"><img loading=\"lazy\" decoding=\"async\" aria-describedby=\"caption-attachment-206\" class=\"size-medium wp-image-206\" src=\"http:\/\/www.take-off.ch\/wordpress\/wp-content\/uploads\/2015\/06\/Originalrotorblatt-300x93.jpg\" alt=\"Originalrotorblatt\" width=\"300\" height=\"93\" srcset=\"https:\/\/www.take-off.ch\/wp-content\/uploads\/2015\/06\/Originalrotorblatt-300x93.jpg 300w, https:\/\/www.take-off.ch\/wp-content\/uploads\/2015\/06\/Originalrotorblatt.jpg 800w\" sizes=\"auto, (max-width: 300px) 100vw, 300px\" \/><\/a><p id=\"caption-attachment-206\" class=\"wp-caption-text\">Originalrotorblatt<\/p><\/div><\/p>\n<p>Das Profil wollte ich mir jedoch nicht antun. Da gibt es nach 50 Jahren bessere Varianten. Abh\u00e4ngig von dem von mir gew\u00e4hlten Profil war dann auch die Schr\u00e4nkung nur bis 6 Grad und nicht wie beim Original bis 8 Grad m\u00f6glich.<\/p>\n<p><div id=\"attachment_207\" style=\"width: 650px\" class=\"wp-caption aligncenter\"><a href=\"http:\/\/www.take-off.ch\/wordpress\/wp-content\/uploads\/2015\/06\/Anstellwinkel.jpg\"><img loading=\"lazy\" decoding=\"async\" aria-describedby=\"caption-attachment-207\" class=\"wp-image-207 size-large\" src=\"http:\/\/www.take-off.ch\/wordpress\/wp-content\/uploads\/2015\/06\/Anstellwinkel-1024x351.jpg\" alt=\"Anstellwinkel\" width=\"640\" height=\"219\" srcset=\"https:\/\/www.take-off.ch\/wp-content\/uploads\/2015\/06\/Anstellwinkel-1024x351.jpg 1024w, https:\/\/www.take-off.ch\/wp-content\/uploads\/2015\/06\/Anstellwinkel-300x103.jpg 300w\" sizes=\"auto, (max-width: 640px) 100vw, 640px\" \/><\/a><p id=\"caption-attachment-207\" class=\"wp-caption-text\">Anstellwinkel<\/p><\/div><\/p>\n<p>Ansonsten stimmt das Blatt genau mit dem Original \u00fcberein.<\/p>\n<p>Ich hatte die Gelegenheit, einzelne ausgemusterte Bauteile wie der Rotorkopf oder ein Blattteil ganz g\u00fcnstig zu erwerben. Da war das Ausmessen beim Zeichnen etwas bequemer.<\/p>\n<p><div id=\"attachment_205\" style=\"width: 277px\" class=\"wp-caption aligncenter\"><a href=\"http:\/\/www.take-off.ch\/wordpress\/wp-content\/uploads\/2015\/06\/Muster-Blatt.jpg\"><img loading=\"lazy\" decoding=\"async\" aria-describedby=\"caption-attachment-205\" class=\"size-medium wp-image-205\" src=\"http:\/\/www.take-off.ch\/wordpress\/wp-content\/uploads\/2015\/06\/Muster-Blatt-267x300.jpg\" alt=\"Muster-Blatt\" width=\"267\" height=\"300\" srcset=\"https:\/\/www.take-off.ch\/wp-content\/uploads\/2015\/06\/Muster-Blatt-267x300.jpg 267w, https:\/\/www.take-off.ch\/wp-content\/uploads\/2015\/06\/Muster-Blatt.jpg 508w\" sizes=\"auto, (max-width: 267px) 100vw, 267px\" \/><\/a><p id=\"caption-attachment-205\" class=\"wp-caption-text\">Muster-Blatt<\/p><\/div><\/p>\n<p>Leider vergisst\u00a0man bei den Besuchen bei den Originalen immer wieder, wichtige Masse mit aufzunehmen. Das merkt man dann erst zu Hause am PC, wenn man versucht, das ganze neu aufzubauen.<\/p>\n<p><div id=\"attachment_231\" style=\"width: 610px\" class=\"wp-caption aligncenter\"><a href=\"http:\/\/www.take-off.ch\/wordpress\/wp-content\/uploads\/2015\/06\/Rotor_CAD.jpg\"><img loading=\"lazy\" decoding=\"async\" aria-describedby=\"caption-attachment-231\" class=\"size-full wp-image-231\" src=\"http:\/\/www.take-off.ch\/wordpress\/wp-content\/uploads\/2015\/06\/Rotor_CAD.jpg\" alt=\"Rotorblatt - CAD - NX6\" width=\"600\" height=\"321\" srcset=\"https:\/\/www.take-off.ch\/wp-content\/uploads\/2015\/06\/Rotor_CAD.jpg 600w, https:\/\/www.take-off.ch\/wp-content\/uploads\/2015\/06\/Rotor_CAD-300x161.jpg 300w\" sizes=\"auto, (max-width: 600px) 100vw, 600px\" \/><\/a><p id=\"caption-attachment-231\" class=\"wp-caption-text\">Rotorblatt &#8211; CAD &#8211; NX6<\/p><\/div><\/p>\n<p>Die Positive wurden aus Blockmaterial mit einer hohen Dichte von 1.22 gefr\u00e4st. Das Material ist zwar s\u00fcndhaft teuer, kann jedoch ohne Lackierung auf hochglanz poliert\u00a0und dann abgeformt werden.<\/p>\n<p><div id=\"attachment_220\" style=\"width: 310px\" class=\"wp-caption aligncenter\"><a href=\"http:\/\/www.take-off.ch\/wordpress\/wp-content\/uploads\/2015\/06\/HR-Blatt-Schruppen2.jpg\"><img loading=\"lazy\" decoding=\"async\" aria-describedby=\"caption-attachment-220\" class=\"size-medium wp-image-220\" src=\"http:\/\/www.take-off.ch\/wordpress\/wp-content\/uploads\/2015\/06\/HR-Blatt-Schruppen2-300x225.jpg\" alt=\"HR-Blatt-Schruppen\" width=\"300\" height=\"225\" srcset=\"https:\/\/www.take-off.ch\/wp-content\/uploads\/2015\/06\/HR-Blatt-Schruppen2-300x225.jpg 300w, https:\/\/www.take-off.ch\/wp-content\/uploads\/2015\/06\/HR-Blatt-Schruppen2.jpg 500w\" sizes=\"auto, (max-width: 300px) 100vw, 300px\" \/><\/a><p id=\"caption-attachment-220\" class=\"wp-caption-text\">HR-Blatt-Schruppen<\/p><\/div><\/p>\n<p><div id=\"attachment_222\" style=\"width: 310px\" class=\"wp-caption aligncenter\"><a href=\"http:\/\/www.take-off.ch\/wordpress\/wp-content\/uploads\/2015\/06\/HR-Blatt-Schruppen4.jpg\"><img loading=\"lazy\" decoding=\"async\" aria-describedby=\"caption-attachment-222\" class=\"size-medium wp-image-222\" src=\"http:\/\/www.take-off.ch\/wordpress\/wp-content\/uploads\/2015\/06\/HR-Blatt-Schruppen4-300x225.jpg\" alt=\"HR-Blatt-Schruppen\" width=\"300\" height=\"225\" srcset=\"https:\/\/www.take-off.ch\/wp-content\/uploads\/2015\/06\/HR-Blatt-Schruppen4-300x225.jpg 300w, https:\/\/www.take-off.ch\/wp-content\/uploads\/2015\/06\/HR-Blatt-Schruppen4.jpg 500w\" sizes=\"auto, (max-width: 300px) 100vw, 300px\" \/><\/a><p id=\"caption-attachment-222\" class=\"wp-caption-text\">HR-Blatt-Schruppen<\/p><\/div><\/p>\n<p>Nach einige Stunden fr\u00e4sen erkennt man schon mal, was da entstehen soll.<\/p>\n<p>34 Stunden fr\u00e4sen. &#8230; und dann noch einige Stunden polieren. Dann sind die\u00a0Positive bereit f\u00fcr&#8217;s Abformen.<\/p>\n<p>&nbsp;<\/p>\n<p><div id=\"attachment_160\" style=\"width: 510px\" class=\"wp-caption aligncenter\"><a href=\"http:\/\/www.take-off.ch\/wordpress\/wp-content\/uploads\/2015\/06\/Positivform-Haupt-Rotorblatt.jpg\"><img loading=\"lazy\" decoding=\"async\" aria-describedby=\"caption-attachment-160\" class=\"size-full wp-image-160\" src=\"http:\/\/www.take-off.ch\/wordpress\/wp-content\/uploads\/2015\/06\/Positivform-Haupt-Rotorblatt.jpg\" alt=\"Positivform-Haupt-Rotorblatt\" width=\"500\" height=\"375\" srcset=\"https:\/\/www.take-off.ch\/wp-content\/uploads\/2015\/06\/Positivform-Haupt-Rotorblatt.jpg 500w, https:\/\/www.take-off.ch\/wp-content\/uploads\/2015\/06\/Positivform-Haupt-Rotorblatt-300x225.jpg 300w\" sizes=\"auto, (max-width: 500px) 100vw, 500px\" \/><\/a><p id=\"caption-attachment-160\" class=\"wp-caption-text\">Positivform-Haupt-Rotorblatt<\/p><\/div><\/p>\n<p>Die Negative sind konventionell mit Deckharz, Glas und einer Quarzsandhinterf\u00fcllung aufgebaut.<\/p>\n<p><div id=\"attachment_223\" style=\"width: 310px\" class=\"wp-caption aligncenter\"><a href=\"http:\/\/www.take-off.ch\/wordpress\/wp-content\/uploads\/2015\/06\/HR-Form1.jpg\"><img loading=\"lazy\" decoding=\"async\" aria-describedby=\"caption-attachment-223\" class=\"size-medium wp-image-223\" src=\"http:\/\/www.take-off.ch\/wordpress\/wp-content\/uploads\/2015\/06\/HR-Form1-300x225.jpg\" alt=\"Negativform Hauptrotorblatt\" width=\"300\" height=\"225\" srcset=\"https:\/\/www.take-off.ch\/wp-content\/uploads\/2015\/06\/HR-Form1-300x225.jpg 300w, https:\/\/www.take-off.ch\/wp-content\/uploads\/2015\/06\/HR-Form1.jpg 500w\" sizes=\"auto, (max-width: 300px) 100vw, 300px\" \/><\/a><p id=\"caption-attachment-223\" class=\"wp-caption-text\">Negativform Hauptrotorblatt<\/p><\/div><\/p>\n<p>Die Zugkraft wird durch Kohlefaserrowings aufgenommen. Diese werden am Blattende \u00fcber die Form hinausgef\u00fchrt und mit Federn w\u00e4hrend des Aush\u00e4rtens gespannt. Die Kohleaussenhaut ist diagonal angeordnet um die Torsionskr\u00e4fte aufzunehmen.<\/p>\n<p><div id=\"attachment_218\" style=\"width: 174px\" class=\"wp-caption aligncenter\"><a href=\"http:\/\/www.take-off.ch\/wordpress\/wp-content\/uploads\/2015\/06\/HR-Blatt-Aufbau1.jpg\"><img loading=\"lazy\" decoding=\"async\" aria-describedby=\"caption-attachment-218\" class=\"size-medium wp-image-218\" src=\"http:\/\/www.take-off.ch\/wordpress\/wp-content\/uploads\/2015\/06\/HR-Blatt-Aufbau1-164x300.jpg\" alt=\"Aufbau Hauptrotorblatt\" width=\"164\" height=\"300\" srcset=\"https:\/\/www.take-off.ch\/wp-content\/uploads\/2015\/06\/HR-Blatt-Aufbau1-164x300.jpg 164w, https:\/\/www.take-off.ch\/wp-content\/uploads\/2015\/06\/HR-Blatt-Aufbau1.jpg 500w\" sizes=\"auto, (max-width: 164px) 100vw, 164px\" \/><\/a><p id=\"caption-attachment-218\" class=\"wp-caption-text\">Aufbau Hauptrotorblatt<\/p><\/div><\/p>\n<p>&nbsp;<\/p>\n<p>Die Bl\u00e4tter wurden\u00a0an der Technischen Hochschule Luzern getestet. Dabei musste die Krafteinleitung optimiert werden. Die 8mm Schrauben wurden ab\u00a01&#8217;000kg Zugkraft verbogen.<\/p>\n<p><div id=\"attachment_224\" style=\"width: 235px\" class=\"wp-caption aligncenter\"><a href=\"http:\/\/www.take-off.ch\/wordpress\/wp-content\/uploads\/2015\/06\/Zugversuch-1.jpg\"><img loading=\"lazy\" decoding=\"async\" aria-describedby=\"caption-attachment-224\" class=\"size-medium wp-image-224\" src=\"http:\/\/www.take-off.ch\/wordpress\/wp-content\/uploads\/2015\/06\/Zugversuch-1-225x300.jpg\" alt=\"HSLU Zugversuch\" width=\"225\" height=\"300\" srcset=\"https:\/\/www.take-off.ch\/wp-content\/uploads\/2015\/06\/Zugversuch-1-225x300.jpg 225w, https:\/\/www.take-off.ch\/wp-content\/uploads\/2015\/06\/Zugversuch-1.jpg 500w\" sizes=\"auto, (max-width: 225px) 100vw, 225px\" \/><\/a><p id=\"caption-attachment-224\" class=\"wp-caption-text\">HSLU Zugversuch<\/p><\/div><\/p>\n<p><div id=\"attachment_225\" style=\"width: 310px\" class=\"wp-caption aligncenter\"><a href=\"http:\/\/www.take-off.ch\/wordpress\/wp-content\/uploads\/2015\/06\/Zugversuch-2.jpg\"><img loading=\"lazy\" decoding=\"async\" aria-describedby=\"caption-attachment-225\" class=\"size-medium wp-image-225\" src=\"http:\/\/www.take-off.ch\/wordpress\/wp-content\/uploads\/2015\/06\/Zugversuch-2-300x225.jpg\" alt=\"HSLU Zugversuch\" width=\"300\" height=\"225\" srcset=\"https:\/\/www.take-off.ch\/wp-content\/uploads\/2015\/06\/Zugversuch-2-300x225.jpg 300w, https:\/\/www.take-off.ch\/wp-content\/uploads\/2015\/06\/Zugversuch-2.jpg 500w\" sizes=\"auto, (max-width: 300px) 100vw, 300px\" \/><\/a><p id=\"caption-attachment-225\" class=\"wp-caption-text\">HSLU Zugversuch<\/p><\/div><\/p>\n<p>Eine H\u00fclse, die die beiden Einleitungspunkte (Alu-Teile) verbindet, verhalf dann Abhilfe und zu einer Festigkeit von 1&#8217;800kg. (18&#8217;000N)\u00a0Da dies bereits der 5-6 fachen Belastung entspricht, die zu erwarten war, habe ich auf weitere Optimierungen verzichtet.<\/p>\n<p><div id=\"attachment_226\" style=\"width: 310px\" class=\"wp-caption aligncenter\"><a href=\"http:\/\/www.take-off.ch\/wordpress\/wp-content\/uploads\/2015\/06\/Erstes-HR-Blatt.jpg\"><img loading=\"lazy\" decoding=\"async\" aria-describedby=\"caption-attachment-226\" class=\"size-medium wp-image-226\" src=\"http:\/\/www.take-off.ch\/wordpress\/wp-content\/uploads\/2015\/06\/Erstes-HR-Blatt-300x225.jpg\" alt=\"Erstes-Hauptrotorblatt\" width=\"300\" height=\"225\" srcset=\"https:\/\/www.take-off.ch\/wp-content\/uploads\/2015\/06\/Erstes-HR-Blatt-300x225.jpg 300w, https:\/\/www.take-off.ch\/wp-content\/uploads\/2015\/06\/Erstes-HR-Blatt.jpg 500w\" sizes=\"auto, (max-width: 300px) 100vw, 300px\" \/><\/a><p id=\"caption-attachment-226\" class=\"wp-caption-text\">Erstes-Hauptrotorblatt<\/p><\/div><\/p>\n<p>Die Bl\u00e4tter sind nun knapp je \u00fcber 1kg.<\/p>\n<p>&nbsp;<\/p>\n","protected":false},"excerpt":{"rendered":"<p>Nat\u00fcrlich d\u00fcrfen auch die Rotorbl\u00e4tter nicht ab Stange sein. Denn das Original hat ja einen Konsuwinkel (V-Form) und geschr\u00e4nkte Bl\u00e4tter. Aus meiner F3B-Vergangenheit kenne ich mich recht gut mit Profilen, Auftriebs- und Widerstandswerten aus und\u00a0begann zu rechnen. Zuerst gilt es, &hellip; <a href=\"https:\/\/www.take-off.ch\/?page_id=159\">Weiterlesen <span class=\"meta-nav\">&rarr;<\/span><\/a><\/p>\n","protected":false},"author":1,"featured_media":0,"parent":0,"menu_order":0,"comment_status":"closed","ping_status":"closed","template":"","meta":{"footnotes":""},"class_list":["post-159","page","type-page","status-publish","hentry"],"_links":{"self":[{"href":"https:\/\/www.take-off.ch\/index.php?rest_route=\/wp\/v2\/pages\/159","targetHints":{"allow":["GET"]}}],"collection":[{"href":"https:\/\/www.take-off.ch\/index.php?rest_route=\/wp\/v2\/pages"}],"about":[{"href":"https:\/\/www.take-off.ch\/index.php?rest_route=\/wp\/v2\/types\/page"}],"author":[{"embeddable":true,"href":"https:\/\/www.take-off.ch\/index.php?rest_route=\/wp\/v2\/users\/1"}],"replies":[{"embeddable":true,"href":"https:\/\/www.take-off.ch\/index.php?rest_route=%2Fwp%2Fv2%2Fcomments&post=159"}],"version-history":[{"count":7,"href":"https:\/\/www.take-off.ch\/index.php?rest_route=\/wp\/v2\/pages\/159\/revisions"}],"predecessor-version":[{"id":232,"href":"https:\/\/www.take-off.ch\/index.php?rest_route=\/wp\/v2\/pages\/159\/revisions\/232"}],"wp:attachment":[{"href":"https:\/\/www.take-off.ch\/index.php?rest_route=%2Fwp%2Fv2%2Fmedia&parent=159"}],"curies":[{"name":"wp","href":"https:\/\/api.w.org\/{rel}","templated":true}]}}